{"id":20,"date":"2020-06-22T14:42:56","date_gmt":"2020-06-22T12:42:56","guid":{"rendered":"http:\/\/rychlik-stbv.de\/?page_id=20"},"modified":"2020-06-22T14:42:56","modified_gmt":"2020-06-22T12:42:56","slug":"leistungen","status":"publish","type":"page","link":"https:\/\/rychlik-stbv.de\/?page_id=20","title":{"rendered":"Leistungen"},"content":{"rendered":"\n<p>steuerliche Beratung<\/p>\n\n\n\n<p>Finanzbuchf\u00fchrung<\/p>\n\n\n\n<p>Jahresabschl\u00fcsse<\/p>\n\n\n\n<p>Steuererkl\u00e4rungen<\/p>\n","protected":false},"excerpt":{"rendered":"<p>steuerliche Beratung Finanzbuchf\u00fchrung Jahresabschl\u00fcsse Steuererkl\u00e4rungen<\/p>\n","protected":false},"author":1,"featured_media":0,"parent":0,"menu_order":0,"comment_status":"closed","ping_status":"closed","template":"","meta":{"footnotes":""},"_links":{"self":[{"href":"https:\/\/rychlik-stbv.de\/index.php?rest_route=\/wp\/v2\/pages\/20"}],"collection":[{"href":"https:\/\/rychlik-stbv.de\/index.php?rest_route=\/wp\/v2\/pages"}],"about":[{"href":"https:\/\/rychlik-stbv.de\/index.php?rest_route=\/wp\/v2\/types\/page"}],"author":[{"embeddable":true,"href":"https:\/\/rychlik-stbv.de\/index.php?rest_route=\/wp\/v2\/users\/1"}],"replies":[{"embeddable":true,"href":"https:\/\/rychlik-stbv.de\/index.php?rest_route=%2Fwp%2Fv2%2Fcomments&post=20"}],"version-history":[{"count":1,"href":"https:\/\/rychlik-stbv.de\/index.php?rest_route=\/wp\/v2\/pages\/20\/revisions"}],"predecessor-version":[{"id":21,"href":"https:\/\/rychlik-stbv.de\/index.php?rest_route=\/wp\/v2\/pages\/20\/revisions\/21"}],"wp:attachment":[{"href":"https:\/\/rychlik-stbv.de\/index.php?rest_route=%2Fwp%2Fv2%2Fmedia&parent=20"}],"curies":[{"name":"wp","href":"https:\/\/api.w.org\/{rel}","templated":true}]}}